{"id":1986,"date":"2018-05-21T21:48:12","date_gmt":"2018-05-21T19:48:12","guid":{"rendered":"https:\/\/onlines.dk\/nf176\/?page_id=1986"},"modified":"2019-05-23T09:02:02","modified_gmt":"2019-05-23T07:02:02","slug":"faelles-faciliteter","status":"publish","type":"page","link":"https:\/\/onlines.dk\/nf176\/boligoversigt\/faelles-faciliteter\/","title":{"rendered":"F\u00c6LLES FACILITETER"},"content":{"rendered":"\t<div id=\"gap-507130937\" class=\"gap-element clearfix\" style=\"display:block; height:auto;\">\n\t\t\n<style>\n#gap-507130937 {\n  padding-top: 30px;\n}\n<\/style>\n\t<\/div>\n\t\n\n  <div class=\"banner has-hover\" id=\"banner-479627906\">\n          <div class=\"banner-inner fill\">\n        <div class=\"banner-bg fill\" >\n            <img loading=\"lazy\" decoding=\"async\" width=\"1020\" height=\"606\" src=\"https:\/\/onlines.dk\/nf176\/wp-content\/uploads\/2018\/05\/terrasse_upd-1024x608.jpg\" class=\"bg attachment-large size-large\" alt=\"\" \/>                                    \n                    <\/div>\n\t\t\n        <div class=\"banner-layers container\">\n            <div class=\"fill banner-link\"><\/div>            \n   <div id=\"text-box-144592157\" class=\"text-box banner-layer x50 md-x50 lg-x50 y50 md-y50 lg-y50 res-text\">\n                                <div class=\"text-box-content text dark\">\n              \n              <div class=\"text-inner text-center\">\n                  \n              <\/div>\n           <\/div>\n                            \n<style>\n#text-box-144592157 {\n  width: 60%;\n}\n#text-box-144592157 .text-box-content {\n  font-size: 100%;\n}\n<\/style>\n    <\/div>\n \n        <\/div>\n      <\/div>\n\n            \n<style>\n#banner-479627906 {\n  padding-top: 30%;\n}\n#banner-479627906 .banner-bg img {\n  object-position: 48% 52%;\n}\n<\/style>\n  <\/div>\n\n\n<div class=\"row\"  id=\"row-291230093\">\n\n\t<div id=\"col-276040632\" class=\"col medium-6 small-12 large-6\"  >\n\t\t\t\t<div class=\"col-inner\"  >\n\t\t\t\n\t\t\t\n<p><strong>F\u00c6LLES TAGTERRASSER<\/strong><br \/>P\u00e5 \u00f8verste etage er der en stor f\u00e6lles tagterrasse. Herfra er der en helt fantastisk udsigt over K\u00f8benhavn, og det vil v\u00e6re et meget naturligt samlingspunkt for alle beboerne, uanset om man nu tr\u00e6nger til at nyde solen, studere i det fri, spise sin mad, eller blot m\u00f8des p\u00e5 kryds og tv\u00e6rs med de andre beboere.<\/p>\n<p>Alle boligerne har adgang til den f\u00e6lles tagterrasse via s\u00e5vel elevator som fra opgangene. Tagterrassen er ca. 500 m\u00b2, men det er ikke den eneste tagterrasse der findes i ejendommen, idet der p\u00e5 5. sal er en noget mindre f\u00e6lles tagterrasse p\u00e5 ca. 45 m2<\/p>\n<p><strong>CYKELPARKERING<br \/><\/strong><span style=\"color: #282828;\">Der etableres cykelparkering p\u00e5 terr\u00e6n i g\u00e5rden samt p\u00e5 P-d\u00e6kket. Cykler m\u00e5 ikke benytte k\u00f8rselsrampen til P-d\u00e6k.<\/span><\/p>\n<p><strong>AFFALDSH\u00c5NDTERING<br \/><\/strong>Milj\u00f8station til sortering af affald samt affaldsrum til restaffald.<\/p>\n<p><strong>HANDICAPADGANG<br \/><\/strong>Alle lejligheder har niveaufri adgang.<\/p>\n<p><strong>BILPARKERING<br \/><\/strong>Det er i alt 20 P-pladser. REMA 1000 har eksklusiv brugsret til 5 P-pladser.<\/p>\n<p><span class=\"\">Ejerforeningen har brugsretten til 2 handicap P-pladser, som kan lejes mod betaling. De resterende 13 P-pladser kan lejes via ekstern samarbejdspartner.<\/span><\/p>\n<p><strong>ADGANGSFORHOLD<br \/><\/strong>Trapper og altangange udf\u00f8res i pr\u00e6fabrikerede betonelementer med h\u00e5ndliste i st\u00e5l. V\u00e6rn er malet i opgange og galvaniseret p\u00e5 altangange.<\/p>\n<p><strong>ELEVATOR<br \/><\/strong>Der er 1 stk. elevator til 15 personer\/1125 kg.<\/p>\n<p><strong>D\u00d8RTELEFON\/ADGANG<\/strong><br \/>Tr\u00e5dl\u00f8s d\u00f8rtelefon med station ved indgange i terr\u00e6n, hvorfra der kaldes op til den enkeltes mobiltelefon. Ingen fysisk d\u00f8rtelefon i lejligheden. Adgang til elevator og trappeopgange fra parkeringsd\u00e6k kan alene ske ved brug af n\u00f8gle.<\/p>\n\t\t<\/div>\n\t\t\t\t\t<\/div>\n\n\t\n\n\t<div id=\"col-1738046603\" class=\"col medium-6 small-12 large-6\"  >\n\t\t\t\t<div class=\"col-inner\"  >\n\t\t\t\n\t\t\t\n<p><strong>F\u00c6LLESVASKERI<br \/><\/strong>P\u00e5 1. sal etableres et f\u00e6llesvaskeri med 2 vaskemaskiner og 2 t\u00f8rretumblere.<\/p>\n<p>Vask kr. 15,- T\u00f8rring kr. 15,-<\/p>\n<p><strong>F\u00c6LLESLOKALE<br \/><\/strong>P\u00e5 1. sal etableres et f\u00e6lleslokale med k\u00f8kken og i tilknytning hertil HC-toilet.<\/p>\n<p><strong>POSTKASSE<br \/><\/strong>Et stk. postkasse pr. bolig, placeret p\u00e5 v\u00e6g ved indgangsparti.<\/p>\n<p><strong>TAGTERRASSE<br \/><\/strong>Der indrettes en ca. 45 m2 stor f\u00e6lles tagterrasse p\u00e5 5. sal, samt en ca. 500 m2 stor f\u00e6lles tagterrasse p\u00e5 6. sal.<\/p>\n<p><strong>G\u00c5RDHAVE<br \/><\/strong>Der etableres en f\u00e6lles g\u00e5rdhave p\u00e5 2 sal.<\/p>\n<p><strong>DEPOTRUM<br \/><\/strong>Der er depotrum i k\u00e6lderen. Dog indrettes der depotrum i enkelte lejligheder.<\/p>\n<p><strong>SOLCELLEANL\u00c6G<\/strong><br \/>Ejendommen f\u00e5r sit eget solcelleanl\u00e6g, som forsyner det f\u00e6lles elforbrug<br \/>med ca. 20.000 KWh. \u00e5rligt.<\/p>\n<p><strong>ENERGIKLASSE<\/strong><br \/>Ejendommen opf\u00f8res i henhold til BR15 i Energiklasse 2015.<\/p>\n<p><strong>FORBEHOLD<\/strong><br \/>De anvendte 3D visualiseringer er med forbehold for \u00e6ndringer. Der tages ligeledes forbehold for trykfejl.<\/p>\n\t\t<\/div>\n\t\t\t\t\t<\/div>\n\n\t\n<\/div>\n","protected":false},"excerpt":{"rendered":"","protected":false},"author":4,"featured_media":0,"parent":738,"menu_order":0,"comment_status":"closed","ping_status":"closed","template":"page-blank.php","meta":{"footnotes":""},"class_list":["post-1986","page","type-page","status-publish","hentry"],"yoast_head":"<!-- This site is optimized with the Yoast SEO plugin v27.4 - https:\/\/yoast.com\/product\/yoast-seo-wordpress\/ -->\n<title>F\u00c6LLES FACILITETER - Nordre Fasanvej 176<\/title>\n<meta name=\"robots\" content=\"index, follow, max-snippet:-1, max-image-preview:large, max-video-preview:-1\" \/>\n<link rel=\"canonical\" href=\"https:\/\/onlines.dk\/nf176\/boligoversigt\/faelles-faciliteter\/\" \/>\n<meta property=\"og:locale\" content=\"da_DK\" \/>\n<meta property=\"og:type\" content=\"article\" \/>\n<meta property=\"og:title\" content=\"F\u00c6LLES FACILITETER - Nordre Fasanvej 176\" \/>\n<meta property=\"og:url\" content=\"https:\/\/onlines.dk\/nf176\/boligoversigt\/faelles-faciliteter\/\" \/>\n<meta property=\"og:site_name\" content=\"Nordre Fasanvej 176\" \/>\n<meta property=\"article:modified_time\" content=\"2019-05-23T07:02:02+00:00\" \/>\n<meta name=\"twitter:card\" content=\"summary_large_image\" \/>\n<meta name=\"twitter:label1\" content=\"Estimeret l\u00e6setid\" \/>\n\t<meta name=\"twitter:data1\" content=\"2 minutter\" \/>\n<script type=\"application\/ld+json\" class=\"yoast-schema-graph\">{\"@context\":\"https:\\\/\\\/schema.org\",\"@graph\":[{\"@type\":\"WebPage\",\"@id\":\"https:\\\/\\\/onlines.dk\\\/nf176\\\/boligoversigt\\\/faelles-faciliteter\\\/\",\"url\":\"https:\\\/\\\/onlines.dk\\\/nf176\\\/boligoversigt\\\/faelles-faciliteter\\\/\",\"name\":\"F\u00c6LLES FACILITETER - Nordre Fasanvej 176\",\"isPartOf\":{\"@id\":\"https:\\\/\\\/onlines.dk\\\/nf176\\\/#website\"},\"datePublished\":\"2018-05-21T19:48:12+00:00\",\"dateModified\":\"2019-05-23T07:02:02+00:00\",\"breadcrumb\":{\"@id\":\"https:\\\/\\\/onlines.dk\\\/nf176\\\/boligoversigt\\\/faelles-faciliteter\\\/#breadcrumb\"},\"inLanguage\":\"da-DK\",\"potentialAction\":[{\"@type\":\"ReadAction\",\"target\":[\"https:\\\/\\\/onlines.dk\\\/nf176\\\/boligoversigt\\\/faelles-faciliteter\\\/\"]}]},{\"@type\":\"BreadcrumbList\",\"@id\":\"https:\\\/\\\/onlines.dk\\\/nf176\\\/boligoversigt\\\/faelles-faciliteter\\\/#breadcrumb\",\"itemListElement\":[{\"@type\":\"ListItem\",\"position\":1,\"name\":\"Hjem\",\"item\":\"https:\\\/\\\/onlines.dk\\\/nf176\\\/\"},{\"@type\":\"ListItem\",\"position\":2,\"name\":\"BOLIGOVERSIGT\",\"item\":\"https:\\\/\\\/onlines.dk\\\/nf176\\\/boligoversigt\\\/\"},{\"@type\":\"ListItem\",\"position\":3,\"name\":\"F\u00c6LLES FACILITETER\"}]},{\"@type\":\"WebSite\",\"@id\":\"https:\\\/\\\/onlines.dk\\\/nf176\\\/#website\",\"url\":\"https:\\\/\\\/onlines.dk\\\/nf176\\\/\",\"name\":\"Nordre Fasanvej 176\",\"description\":\"75 attraktive ungdomsboliger\",\"potentialAction\":[{\"@type\":\"SearchAction\",\"target\":{\"@type\":\"EntryPoint\",\"urlTemplate\":\"https:\\\/\\\/onlines.dk\\\/nf176\\\/?s={search_term_string}\"},\"query-input\":{\"@type\":\"PropertyValueSpecification\",\"valueRequired\":true,\"valueName\":\"search_term_string\"}}],\"inLanguage\":\"da-DK\"}]}<\/script>\n<!-- \/ Yoast SEO plugin. -->","yoast_head_json":{"title":"F\u00c6LLES FACILITETER - Nordre Fasanvej 176","robots":{"index":"index","follow":"follow","max-snippet":"max-snippet:-1","max-image-preview":"max-image-preview:large","max-video-preview":"max-video-preview:-1"},"canonical":"https:\/\/onlines.dk\/nf176\/boligoversigt\/faelles-faciliteter\/","og_locale":"da_DK","og_type":"article","og_title":"F\u00c6LLES FACILITETER - Nordre Fasanvej 176","og_url":"https:\/\/onlines.dk\/nf176\/boligoversigt\/faelles-faciliteter\/","og_site_name":"Nordre Fasanvej 176","article_modified_time":"2019-05-23T07:02:02+00:00","twitter_card":"summary_large_image","twitter_misc":{"Estimeret l\u00e6setid":"2 minutter"},"schema":{"@context":"https:\/\/schema.org","@graph":[{"@type":"WebPage","@id":"https:\/\/onlines.dk\/nf176\/boligoversigt\/faelles-faciliteter\/","url":"https:\/\/onlines.dk\/nf176\/boligoversigt\/faelles-faciliteter\/","name":"F\u00c6LLES FACILITETER - Nordre Fasanvej 176","isPartOf":{"@id":"https:\/\/onlines.dk\/nf176\/#website"},"datePublished":"2018-05-21T19:48:12+00:00","dateModified":"2019-05-23T07:02:02+00:00","breadcrumb":{"@id":"https:\/\/onlines.dk\/nf176\/boligoversigt\/faelles-faciliteter\/#breadcrumb"},"inLanguage":"da-DK","potentialAction":[{"@type":"ReadAction","target":["https:\/\/onlines.dk\/nf176\/boligoversigt\/faelles-faciliteter\/"]}]},{"@type":"BreadcrumbList","@id":"https:\/\/onlines.dk\/nf176\/boligoversigt\/faelles-faciliteter\/#breadcrumb","itemListElement":[{"@type":"ListItem","position":1,"name":"Hjem","item":"https:\/\/onlines.dk\/nf176\/"},{"@type":"ListItem","position":2,"name":"BOLIGOVERSIGT","item":"https:\/\/onlines.dk\/nf176\/boligoversigt\/"},{"@type":"ListItem","position":3,"name":"F\u00c6LLES FACILITETER"}]},{"@type":"WebSite","@id":"https:\/\/onlines.dk\/nf176\/#website","url":"https:\/\/onlines.dk\/nf176\/","name":"Nordre Fasanvej 176","description":"75 attraktive ungdomsboliger","potentialAction":[{"@type":"SearchAction","target":{"@type":"EntryPoint","urlTemplate":"https:\/\/onlines.dk\/nf176\/?s={search_term_string}"},"query-input":{"@type":"PropertyValueSpecification","valueRequired":true,"valueName":"search_term_string"}}],"inLanguage":"da-DK"}]}},"_links":{"self":[{"href":"https:\/\/onlines.dk\/nf176\/wp-json\/wp\/v2\/pages\/1986","targetHints":{"allow":["GET"]}}],"collection":[{"href":"https:\/\/onlines.dk\/nf176\/wp-json\/wp\/v2\/pages"}],"about":[{"href":"https:\/\/onlines.dk\/nf176\/wp-json\/wp\/v2\/types\/page"}],"author":[{"embeddable":true,"href":"https:\/\/onlines.dk\/nf176\/wp-json\/wp\/v2\/users\/4"}],"replies":[{"embeddable":true,"href":"https:\/\/onlines.dk\/nf176\/wp-json\/wp\/v2\/comments?post=1986"}],"version-history":[{"count":3,"href":"https:\/\/onlines.dk\/nf176\/wp-json\/wp\/v2\/pages\/1986\/revisions"}],"predecessor-version":[{"id":2896,"href":"https:\/\/onlines.dk\/nf176\/wp-json\/wp\/v2\/pages\/1986\/revisions\/2896"}],"up":[{"embeddable":true,"href":"https:\/\/onlines.dk\/nf176\/wp-json\/wp\/v2\/pages\/738"}],"wp:attachment":[{"href":"https:\/\/onlines.dk\/nf176\/wp-json\/wp\/v2\/media?parent=1986"}],"curies":[{"name":"wp","href":"https:\/\/api.w.org\/{rel}","templated":true}]}}