{"id":1570,"date":"2018-05-16T06:48:25","date_gmt":"2018-05-16T06:48:25","guid":{"rendered":"https:\/\/onlines.dk\/nf176\/?page_id=1570"},"modified":"2019-08-26T12:33:39","modified_gmt":"2019-08-26T10:33:39","slug":"omradet","status":"publish","type":"page","link":"https:\/\/onlines.dk\/nf176\/omradet\/","title":{"rendered":"Omr\u00e5det"},"content":{"rendered":"\n  <div class=\"banner has-hover has-parallax\" id=\"banner-2047427370\">\n          <div class=\"banner-inner fill\">\n        <div class=\"banner-bg fill\" data-parallax=\"-6\" data-parallax-container=\".banner\" data-parallax-background>\n            <img loading=\"lazy\" decoding=\"async\" width=\"1020\" height=\"574\" src=\"https:\/\/onlines.dk\/nf176\/wp-content\/uploads\/2018\/05\/382_9560-1024x576.jpg\" class=\"bg attachment-large size-large\" alt=\"\" \/>                                    \n                    <\/div>\n\t\t\n        <div class=\"banner-layers container\">\n            <div class=\"fill banner-link\"><\/div>            \n   <div id=\"text-box-2083024403\" class=\"text-box banner-layer x50 md-x50 lg-x50 y90 md-y30 lg-y30 res-text\">\n                                <div class=\"text-box-content text dark\">\n              \n              <div class=\"text-inner text-center\">\n                  \n<h3 class=\"uppercase\"><strong>Caf\u00e9-livet og gr\u00f8nne oaser<\/strong><\/h3>\n<p>Caf\u00e9-livet og de mange gode restaurantoplevelser finder du ligeledes rundt om hj\u00f8rnet og mulighederne i J\u00e6gersborggade b\u00f8r man ikke snyde sig selv for<\/p>\n              <\/div>\n           <\/div>\n                            \n<style>\n#text-box-2083024403 {\n  width: 60%;\n}\n#text-box-2083024403 .text-box-content {\n  font-size: 100%;\n}\n<\/style>\n    <\/div>\n \n        <\/div>\n      <\/div>\n\n            \n<style>\n#banner-2047427370 {\n  padding-top: 75%;\n}\n#banner-2047427370 .banner-bg img {\n  object-position: 5% 48%;\n}\n@media (min-width:550px) {\n  #banner-2047427370 {\n    padding-top: 30%;\n  }\n}\n<\/style>\n  <\/div>\n\n\n\t<div id=\"gap-896575931\" class=\"gap-element clearfix\" style=\"display:block; height:auto;\">\n\t\t\n<style>\n#gap-896575931 {\n  padding-top: 30px;\n}\n<\/style>\n\t<\/div>\n\t\n\t<div id=\"gap-1787162959\" class=\"gap-element clearfix\" style=\"display:block; height:auto;\">\n\t\t\n<style>\n#gap-1787162959 {\n  padding-top: 30px;\n}\n<\/style>\n\t<\/div>\n\t\n<div class=\"row row-small\"  id=\"row-773137096\">\n\n\t<div id=\"col-147934642\" class=\"col medium-6 small-12 large-6\"  >\n\t\t\t\t<div class=\"col-inner\"  >\n\t\t\t\n\t\t\t\n<h3>OMR\u00c5DET<\/h3>\n\t\t<\/div>\n\t\t\t\t\t<\/div>\n\n\t\n<\/div>\n<div class=\"row row-small\"  id=\"row-16561930\">\n\n\t<div id=\"col-1456718035\" class=\"col medium-6 small-12 large-6\"  >\n\t\t\t\t<div class=\"col-inner\"  >\n\t\t\t\n\t\t\t\n<p>Man kan vist roligt sige, at der sker meget i den ende af Frederiksberg, hvor ejendommen, Nordre Fasanvej 176, bliver opf\u00f8rt. Det er midt i sp\u00e6ndingsfeltet af det rolige Frederiksberg og det mere hippe N\u00f8rrebro.<\/p>\n<p>Uanset om du v\u00e6lger at g\u00e5 til venstre eller til h\u00f8jre, n\u00e5r du kommer ud fra ejendommen, har du alle muligheder for at opleve og deltage i alt det K\u00f8benhavn &#8211; som hovedstad &#8211; har at tilbyde.<\/p>\n<p>G\u00e5r du til venstre kommer du l\u00e6ngere ind p\u00e5 Frederiksberg, hvor du inden for 2 km. finder b\u00e5de uddannelsesinstitutioner som CBS og Landboh\u00f8jskolen samt caf\u00e9-og teaterlivet omkring Frederiksberg Alle. For enden af Frederiksberg Alle ligger Frederiksberg Have, anlagt af Frederik den 6., som en \u201dRomantisk Landskabshave\u201d i tilknytning til Frederiksberg Slot. Det er et oplagt m\u00e5l for en udflugt i det gr\u00f8nne.<\/p>\n<p>Indk\u00f8bsfaciliteterne i n\u00e6romr\u00e5det er gode, og hvis ejendommens \u201deget\u201d supermarked REMA 1000 ikke sl\u00e5r til, s\u00e5 er der ikke langt til Frederiksberg Centret eller forretningerne p\u00e5 Gammel Kongevej, der nok kan tilfredsstille de fleste \u00f8nsker.<\/p>\n\t\t<\/div>\n\t\t\t\t\t<\/div>\n\n\t\n\n\t<div id=\"col-642154962\" class=\"col medium-6 small-12 large-6\"  >\n\t\t\t\t<div class=\"col-inner\"  >\n\t\t\t\n\t\t\t\n<p>G\u00e5r du til h\u00f8jre skal du ikke g\u00e5 langt, f\u00f8r indk\u00f8bsmulighederne p\u00e5 N\u00f8rrebro dukker op. N\u00f8rrebrogade, og mange af sidegaderne, er en kulturel smeltedigel, der i h\u00f8j grad pr\u00e6ges af sm\u00e5 selvst\u00e6ndigt erhvervsdrivende. Her er det sp\u00e6ndende at g\u00e5 p\u00e5 opdagelse og g\u00f8re nogle gode k\u00f8b.<\/p>\n<p>Caf\u00e9-livet, og de mange gode restaurantoplevelser, finder du ligeledes rundt om hj\u00f8rnet og mulighederne i J\u00e6gersborggade b\u00f8r man ikke snyde sig selv for. Du finder N\u00f8rrebroparken indenfor 500 m, og hvis du s\u00f8ger et sp\u00e6ndende udflugtsm\u00e5l, s\u00e5 er Assistens Kirkeg\u00e5rd, som ligger mindre end 2 km. v\u00e6k, absolut et bes\u00f8g v\u00e6rd.<\/p>\n<p>Trafikalt kommer du til at bo meget centralt. S-togs stationerne p\u00e5 Fuglebakken og N\u00f8rrebro kan du g\u00e5 til p\u00e5 under 10 min. og i l\u00f8bet af 2019 \u00e5bner Metro Cityringen, med station ved N\u00f8rrebro Station, N\u00f8rrebro Runddel og Nuuks Plads.<\/p>\n<p>Hvis cyklen er det foretrukne transportmiddel, kan du komme p\u00e5 tv\u00e6rs i K\u00f8benhavn ved at tage \u201dN\u00f8rrebroruten\u201d ved N\u00f8rrebroparken. 8 km. lang og kun 7 lyskryds&#8230; d\u00e9t er faktisk den hurtigste vej igennem K\u00f8benhavn!<\/p>\n\t\t<\/div>\n\t\t\t\t\t<\/div>\n\n\t\n<\/div>\n  <div class=\"banner-grid-wrapper\">\n  <div id=\"banner-grid-1464105328\" class=\"banner-grid row row-grid row-small row-full-width\" data-packery-options=\"\">\n                      \n<div class=\"col grid-col large-6 grid-col-1\" ><div class=\"col-inner\">\n\t<div class=\"img has-hover x md-x lg-x y md-y lg-y\" id=\"image_1223574972\">\n\t\t\t\t\t\t\t\t<div class=\"img-inner image-zoom dark\" >\n\t\t\t<img loading=\"lazy\" decoding=\"async\" width=\"990\" height=\"660\" src=\"https:\/\/onlines.dk\/nf176\/wp-content\/uploads\/2018\/05\/frederiksberg-have-christian-alsing_54_990x660_201406020348.jpg\" class=\"attachment-large size-large\" alt=\"\" srcset=\"https:\/\/onlines.dk\/nf176\/wp-content\/uploads\/2018\/05\/frederiksberg-have-christian-alsing_54_990x660_201406020348.jpg 990w, https:\/\/onlines.dk\/nf176\/wp-content\/uploads\/2018\/05\/frederiksberg-have-christian-alsing_54_990x660_201406020348-300x200.jpg 300w, https:\/\/onlines.dk\/nf176\/wp-content\/uploads\/2018\/05\/frederiksberg-have-christian-alsing_54_990x660_201406020348-768x512.jpg 768w\" sizes=\"auto, (max-width: 990px) 100vw, 990px\" \/>\t\t\t\t\t\t\n\t\t\t\t\t<\/div>\n\t\t\t\t\t\t\t\t\n<style>\n#image_1223574972 {\n  width: 100%;\n}\n<\/style>\n\t<\/div>\n\t\n<\/div><\/div>\n<div class=\"col grid-col large-3 grid-col-1\" ><div class=\"col-inner\">\n\t<div class=\"img has-hover x md-x lg-x y md-y lg-y\" id=\"image_1425778047\">\n\t\t\t\t\t\t\t\t<div class=\"img-inner image-zoom dark\" >\n\t\t\t<img loading=\"lazy\" decoding=\"async\" width=\"1020\" height=\"923\" src=\"https:\/\/onlines.dk\/nf176\/wp-content\/uploads\/2018\/05\/27746713_10155207479660924_1028374118_o-1-1024x927.jpg\" class=\"attachment-large size-large\" alt=\"\" srcset=\"https:\/\/onlines.dk\/nf176\/wp-content\/uploads\/2018\/05\/27746713_10155207479660924_1028374118_o-1-1024x927.jpg 1024w, https:\/\/onlines.dk\/nf176\/wp-content\/uploads\/2018\/05\/27746713_10155207479660924_1028374118_o-1-300x271.jpg 300w, https:\/\/onlines.dk\/nf176\/wp-content\/uploads\/2018\/05\/27746713_10155207479660924_1028374118_o-1-768x695.jpg 768w\" sizes=\"auto, (max-width: 1020px) 100vw, 1020px\" \/>\t\t\t\t\t\t\n\t\t\t\t\t<\/div>\n\t\t\t\t\t\t\t\t\n<style>\n#image_1425778047 {\n  width: 100%;\n}\n<\/style>\n\t<\/div>\n\t\n<\/div><\/div>\n<div class=\"col grid-col large-3 grid-col-1\" ><div class=\"col-inner\">\n\t<div class=\"img has-hover x md-x lg-x y md-y lg-y\" id=\"image_1426209866\">\n\t\t\t\t\t\t\t\t<div class=\"img-inner image-zoom dark\" >\n\t\t\t<img loading=\"lazy\" decoding=\"async\" width=\"745\" height=\"492\" src=\"https:\/\/onlines.dk\/nf176\/wp-content\/uploads\/2018\/05\/frberg04.jpg\" class=\"attachment-large size-large\" alt=\"\" srcset=\"https:\/\/onlines.dk\/nf176\/wp-content\/uploads\/2018\/05\/frberg04.jpg 745w, https:\/\/onlines.dk\/nf176\/wp-content\/uploads\/2018\/05\/frberg04-300x198.jpg 300w\" sizes=\"auto, (max-width: 745px) 100vw, 745px\" \/>\t\t\t\t\t\t\n\t\t\t\t\t<\/div>\n\t\t\t\t\t\t\t\t\n<style>\n#image_1426209866 {\n  width: 100%;\n}\n<\/style>\n\t<\/div>\n\t\n<\/div><\/div>\n            <\/div>\n    <style>\n    #banner-grid-1464105328 .grid-col-1{height: 544px}\n    #banner-grid-1464105328 .grid-col-1-2{height: 272px}\n    #banner-grid-1464105328 .grid-col-1-3{height:181.33333333333px}\n    #banner-grid-1464105328 .grid-col-2-3{height: 362.66666666667px}\n    #banner-grid-1464105328 .grid-col-1-4{height: 136px}\n    #banner-grid-1464105328 .grid-col-3-4{height: 408px}\n\n\n    \n    \n\n  <\/style>\n    <\/div>\n  \n  <div class=\"banner-grid-wrapper\">\n  <div id=\"banner-grid-564398753\" class=\"banner-grid row row-grid row-small row-full-width\" data-packery-options=\"\">\n                      \n<div class=\"col grid-col large-6 grid-col-3-4\" ><div class=\"col-inner\">\n\t<div class=\"img has-hover x md-x lg-x y md-y lg-y\" id=\"image_998033199\">\n\t\t\t\t\t\t\t\t<div class=\"img-inner image-zoom dark\" >\n\t\t\t<img loading=\"lazy\" decoding=\"async\" width=\"880\" height=\"510\" src=\"https:\/\/onlines.dk\/nf176\/wp-content\/uploads\/2018\/05\/Frederiksberg-nyt.jpg\" class=\"attachment-large size-large\" alt=\"\" srcset=\"https:\/\/onlines.dk\/nf176\/wp-content\/uploads\/2018\/05\/Frederiksberg-nyt.jpg 880w, https:\/\/onlines.dk\/nf176\/wp-content\/uploads\/2018\/05\/Frederiksberg-nyt-300x174.jpg 300w, https:\/\/onlines.dk\/nf176\/wp-content\/uploads\/2018\/05\/Frederiksberg-nyt-768x445.jpg 768w\" sizes=\"auto, (max-width: 880px) 100vw, 880px\" \/>\t\t\t\t\t\t\n\t\t\t\t\t<\/div>\n\t\t\t\t\t\t\t\t\n<style>\n#image_998033199 {\n  width: 100%;\n}\n<\/style>\n\t<\/div>\n\t\n<\/div><\/div>\n<div class=\"col grid-col large-6 grid-col-3-4\" ><div class=\"col-inner\">\n\t<div class=\"img has-hover x md-x lg-x y md-y lg-y\" id=\"image_820656044\">\n\t\t\t\t\t\t\t\t<div class=\"img-inner image-zoom dark\" >\n\t\t\t<img loading=\"lazy\" decoding=\"async\" width=\"800\" height=\"533\" src=\"https:\/\/onlines.dk\/nf176\/wp-content\/uploads\/2019\/08\/boat_8748.jpg\" class=\"attachment-large size-large\" alt=\"\" srcset=\"https:\/\/onlines.dk\/nf176\/wp-content\/uploads\/2019\/08\/boat_8748.jpg 800w, https:\/\/onlines.dk\/nf176\/wp-content\/uploads\/2019\/08\/boat_8748-300x200.jpg 300w, https:\/\/onlines.dk\/nf176\/wp-content\/uploads\/2019\/08\/boat_8748-768x512.jpg 768w\" sizes=\"auto, (max-width: 800px) 100vw, 800px\" \/>\t\t\t\t\t\t\n\t\t\t\t\t<\/div>\n\t\t\t\t\t\t\t\t\n<style>\n#image_820656044 {\n  width: 100%;\n}\n<\/style>\n\t<\/div>\n\t\n<\/div><\/div>\n            <\/div>\n    <style>\n    #banner-grid-564398753 .grid-col-1{height: 600px}\n    #banner-grid-564398753 .grid-col-1-2{height: 300px}\n    #banner-grid-564398753 .grid-col-1-3{height:200px}\n    #banner-grid-564398753 .grid-col-2-3{height: 400px}\n    #banner-grid-564398753 .grid-col-1-4{height: 150px}\n    #banner-grid-564398753 .grid-col-3-4{height: 450px}\n\n\n    \n    \n\n  <\/style>\n    <\/div>\n  \n","protected":false},"excerpt":{"rendered":"","protected":false},"author":4,"featured_media":0,"parent":0,"menu_order":0,"comment_status":"closed","ping_status":"closed","template":"page-blank.php","meta":{"footnotes":""},"class_list":["post-1570","page","type-page","status-publish","hentry"],"yoast_head":"<!-- This site is optimized with the Yoast SEO plugin v27.4 - https:\/\/yoast.com\/product\/yoast-seo-wordpress\/ -->\n<title>Omr\u00e5det - Nordre Fasanvej 176<\/title>\n<meta name=\"robots\" content=\"index, follow, max-snippet:-1, max-image-preview:large, max-video-preview:-1\" \/>\n<link rel=\"canonical\" href=\"https:\/\/onlines.dk\/nf176\/omradet\/\" \/>\n<meta property=\"og:locale\" content=\"da_DK\" \/>\n<meta property=\"og:type\" content=\"article\" \/>\n<meta property=\"og:title\" content=\"Omr\u00e5det - Nordre Fasanvej 176\" \/>\n<meta property=\"og:url\" content=\"https:\/\/onlines.dk\/nf176\/omradet\/\" \/>\n<meta property=\"og:site_name\" content=\"Nordre Fasanvej 176\" \/>\n<meta property=\"article:modified_time\" content=\"2019-08-26T10:33:39+00:00\" \/>\n<meta name=\"twitter:card\" content=\"summary_large_image\" \/>\n<meta name=\"twitter:label1\" content=\"Estimeret l\u00e6setid\" \/>\n\t<meta name=\"twitter:data1\" content=\"3 minutter\" \/>\n<script type=\"application\/ld+json\" class=\"yoast-schema-graph\">{\"@context\":\"https:\\\/\\\/schema.org\",\"@graph\":[{\"@type\":\"WebPage\",\"@id\":\"https:\\\/\\\/onlines.dk\\\/nf176\\\/omradet\\\/\",\"url\":\"https:\\\/\\\/onlines.dk\\\/nf176\\\/omradet\\\/\",\"name\":\"Omr\u00e5det - Nordre Fasanvej 176\",\"isPartOf\":{\"@id\":\"https:\\\/\\\/onlines.dk\\\/nf176\\\/#website\"},\"datePublished\":\"2018-05-16T06:48:25+00:00\",\"dateModified\":\"2019-08-26T10:33:39+00:00\",\"breadcrumb\":{\"@id\":\"https:\\\/\\\/onlines.dk\\\/nf176\\\/omradet\\\/#breadcrumb\"},\"inLanguage\":\"da-DK\",\"potentialAction\":[{\"@type\":\"ReadAction\",\"target\":[\"https:\\\/\\\/onlines.dk\\\/nf176\\\/omradet\\\/\"]}]},{\"@type\":\"BreadcrumbList\",\"@id\":\"https:\\\/\\\/onlines.dk\\\/nf176\\\/omradet\\\/#breadcrumb\",\"itemListElement\":[{\"@type\":\"ListItem\",\"position\":1,\"name\":\"Hjem\",\"item\":\"https:\\\/\\\/onlines.dk\\\/nf176\\\/\"},{\"@type\":\"ListItem\",\"position\":2,\"name\":\"Omr\u00e5det\"}]},{\"@type\":\"WebSite\",\"@id\":\"https:\\\/\\\/onlines.dk\\\/nf176\\\/#website\",\"url\":\"https:\\\/\\\/onlines.dk\\\/nf176\\\/\",\"name\":\"Nordre Fasanvej 176\",\"description\":\"75 attraktive ungdomsboliger\",\"potentialAction\":[{\"@type\":\"SearchAction\",\"target\":{\"@type\":\"EntryPoint\",\"urlTemplate\":\"https:\\\/\\\/onlines.dk\\\/nf176\\\/?s={search_term_string}\"},\"query-input\":{\"@type\":\"PropertyValueSpecification\",\"valueRequired\":true,\"valueName\":\"search_term_string\"}}],\"inLanguage\":\"da-DK\"}]}<\/script>\n<!-- \/ Yoast SEO plugin. -->","yoast_head_json":{"title":"Omr\u00e5det - Nordre Fasanvej 176","robots":{"index":"index","follow":"follow","max-snippet":"max-snippet:-1","max-image-preview":"max-image-preview:large","max-video-preview":"max-video-preview:-1"},"canonical":"https:\/\/onlines.dk\/nf176\/omradet\/","og_locale":"da_DK","og_type":"article","og_title":"Omr\u00e5det - Nordre Fasanvej 176","og_url":"https:\/\/onlines.dk\/nf176\/omradet\/","og_site_name":"Nordre Fasanvej 176","article_modified_time":"2019-08-26T10:33:39+00:00","twitter_card":"summary_large_image","twitter_misc":{"Estimeret l\u00e6setid":"3 minutter"},"schema":{"@context":"https:\/\/schema.org","@graph":[{"@type":"WebPage","@id":"https:\/\/onlines.dk\/nf176\/omradet\/","url":"https:\/\/onlines.dk\/nf176\/omradet\/","name":"Omr\u00e5det - Nordre Fasanvej 176","isPartOf":{"@id":"https:\/\/onlines.dk\/nf176\/#website"},"datePublished":"2018-05-16T06:48:25+00:00","dateModified":"2019-08-26T10:33:39+00:00","breadcrumb":{"@id":"https:\/\/onlines.dk\/nf176\/omradet\/#breadcrumb"},"inLanguage":"da-DK","potentialAction":[{"@type":"ReadAction","target":["https:\/\/onlines.dk\/nf176\/omradet\/"]}]},{"@type":"BreadcrumbList","@id":"https:\/\/onlines.dk\/nf176\/omradet\/#breadcrumb","itemListElement":[{"@type":"ListItem","position":1,"name":"Hjem","item":"https:\/\/onlines.dk\/nf176\/"},{"@type":"ListItem","position":2,"name":"Omr\u00e5det"}]},{"@type":"WebSite","@id":"https:\/\/onlines.dk\/nf176\/#website","url":"https:\/\/onlines.dk\/nf176\/","name":"Nordre Fasanvej 176","description":"75 attraktive ungdomsboliger","potentialAction":[{"@type":"SearchAction","target":{"@type":"EntryPoint","urlTemplate":"https:\/\/onlines.dk\/nf176\/?s={search_term_string}"},"query-input":{"@type":"PropertyValueSpecification","valueRequired":true,"valueName":"search_term_string"}}],"inLanguage":"da-DK"}]}},"_links":{"self":[{"href":"https:\/\/onlines.dk\/nf176\/wp-json\/wp\/v2\/pages\/1570","targetHints":{"allow":["GET"]}}],"collection":[{"href":"https:\/\/onlines.dk\/nf176\/wp-json\/wp\/v2\/pages"}],"about":[{"href":"https:\/\/onlines.dk\/nf176\/wp-json\/wp\/v2\/types\/page"}],"author":[{"embeddable":true,"href":"https:\/\/onlines.dk\/nf176\/wp-json\/wp\/v2\/users\/4"}],"replies":[{"embeddable":true,"href":"https:\/\/onlines.dk\/nf176\/wp-json\/wp\/v2\/comments?post=1570"}],"version-history":[{"count":3,"href":"https:\/\/onlines.dk\/nf176\/wp-json\/wp\/v2\/pages\/1570\/revisions"}],"predecessor-version":[{"id":2917,"href":"https:\/\/onlines.dk\/nf176\/wp-json\/wp\/v2\/pages\/1570\/revisions\/2917"}],"wp:attachment":[{"href":"https:\/\/onlines.dk\/nf176\/wp-json\/wp\/v2\/media?parent=1570"}],"curies":[{"name":"wp","href":"https:\/\/api.w.org\/{rel}","templated":true}]}}