{"id":1463,"date":"2018-05-15T17:32:22","date_gmt":"2018-05-15T17:32:22","guid":{"rendered":"https:\/\/onlines.dk\/nf176\/?page_id=1463"},"modified":"2019-05-05T13:37:06","modified_gmt":"2019-05-05T11:37:06","slug":"besoeg-udstillingen","status":"publish","type":"page","link":"https:\/\/onlines.dk\/nf176\/besoeg-udstillingen\/","title":{"rendered":"BES\u00d8G UDSTILLINGEN"},"content":{"rendered":"\n  <div class=\"banner has-hover\" id=\"banner-64727705\">\n          <div class=\"banner-inner fill\">\n        <div class=\"banner-bg fill\" >\n            <img loading=\"lazy\" decoding=\"async\" width=\"1280\" height=\"651\" src=\"https:\/\/onlines.dk\/nf176\/wp-content\/uploads\/2018\/11\/kontor-1.jpg\" class=\"bg attachment-original size-original\" alt=\"\" \/>                                    \n                    <\/div>\n\t\t\n        <div class=\"banner-layers container\">\n            <div class=\"fill banner-link\"><\/div>            \n   <div id=\"text-box-1295328985\" class=\"text-box banner-layer x50 md-x50 lg-x50 y85 md-y65 lg-y65 res-text\">\n                                <div class=\"text-box-content text dark\">\n              \n              <div class=\"text-inner text-center\">\n                  \n              <\/div>\n           <\/div>\n                            \n<style>\n#text-box-1295328985 {\n  width: 60%;\n}\n#text-box-1295328985 .text-box-content {\n  font-size: 100%;\n}\n<\/style>\n    <\/div>\n \n        <\/div>\n      <\/div>\n\n            \n<style>\n#banner-64727705 {\n  padding-top: 75%;\n}\n#banner-64727705 .banner-bg img {\n  object-position: 48% 81%;\n}\n@media (min-width:550px) {\n  #banner-64727705 {\n    padding-top: 30%;\n  }\n}\n<\/style>\n  <\/div>\n\n\n<div class=\"row align-center\"  id=\"row-733954724\">\n\n\t<div id=\"col-537818941\" class=\"col medium-6 small-12 large-6\"  >\n\t\t\t\t<div class=\"col-inner\"  >\n\t\t\t\n\t\t\t\n<h3>BES\u00d8G UDSTILLINGEN<\/h3>\n<p>N\u00e5r vi ikke afholder \u00e5bent hus arrangementer p\u00e5 byggepladsen, er du meget velkommen til at bes\u00f8ge os i home-forretningen p\u00e5 H.C-\u00d8rsteds Vej 51, hvor vi har indrettet en mock-up af k\u00f8kkenet, ligesom der er pr\u00f8ver p\u00e5 de materialer der anvendes i lejligheden.<\/p>\n<p>Har du sp\u00f8rgsm\u00e5l til lejlighederne eller vilk\u00e5r i forbindelse med indg\u00e5else af lejekontrakt, er du ogs\u00e5 meget velkommen til at kontakte os p\u00e5 telefon 3116 1818 eller mail frederiksbergc@home.dk.<\/p>\n<h3>TILKNYTTEDE M\u00c6GLERE<\/h3>\n<p>Kristian Kofoed, mob +45 2180758<br \/>Jakob Juhl R\u00f8n, mob +45 29709957<\/p>\n<h3>\u00a0<\/h3>\n\t\t<\/div>\n\t\t\t\t\t<\/div>\n\n\t\n<\/div>\n\t<div id=\"gap-1169559836\" class=\"gap-element clearfix\" style=\"display:block; height:auto;\">\n\t\t\n<style>\n#gap-1169559836 {\n  padding-top: 30px;\n}\n<\/style>\n\t<\/div>\n\t\n","protected":false},"excerpt":{"rendered":"","protected":false},"author":4,"featured_media":0,"parent":0,"menu_order":0,"comment_status":"closed","ping_status":"closed","template":"page-blank.php","meta":{"footnotes":""},"class_list":["post-1463","page","type-page","status-publish","hentry"],"yoast_head":"<!-- This site is optimized with the Yoast SEO plugin v27.4 - https:\/\/yoast.com\/product\/yoast-seo-wordpress\/ -->\n<title>BES\u00d8G UDSTILLINGEN - Nordre Fasanvej 176<\/title>\n<meta name=\"robots\" content=\"index, follow, max-snippet:-1, max-image-preview:large, max-video-preview:-1\" \/>\n<link rel=\"canonical\" href=\"https:\/\/onlines.dk\/nf176\/besoeg-udstillingen\/\" \/>\n<meta property=\"og:locale\" content=\"da_DK\" \/>\n<meta property=\"og:type\" content=\"article\" \/>\n<meta property=\"og:title\" content=\"BES\u00d8G UDSTILLINGEN - Nordre Fasanvej 176\" \/>\n<meta property=\"og:url\" content=\"https:\/\/onlines.dk\/nf176\/besoeg-udstillingen\/\" \/>\n<meta property=\"og:site_name\" content=\"Nordre Fasanvej 176\" \/>\n<meta property=\"article:modified_time\" content=\"2019-05-05T11:37:06+00:00\" \/>\n<meta name=\"twitter:card\" content=\"summary_large_image\" \/>\n<meta name=\"twitter:label1\" content=\"Estimeret l\u00e6setid\" \/>\n\t<meta name=\"twitter:data1\" content=\"1 minut\" \/>\n<script type=\"application\/ld+json\" class=\"yoast-schema-graph\">{\"@context\":\"https:\\\/\\\/schema.org\",\"@graph\":[{\"@type\":\"WebPage\",\"@id\":\"https:\\\/\\\/onlines.dk\\\/nf176\\\/besoeg-udstillingen\\\/\",\"url\":\"https:\\\/\\\/onlines.dk\\\/nf176\\\/besoeg-udstillingen\\\/\",\"name\":\"BES\u00d8G UDSTILLINGEN - Nordre Fasanvej 176\",\"isPartOf\":{\"@id\":\"https:\\\/\\\/onlines.dk\\\/nf176\\\/#website\"},\"datePublished\":\"2018-05-15T17:32:22+00:00\",\"dateModified\":\"2019-05-05T11:37:06+00:00\",\"breadcrumb\":{\"@id\":\"https:\\\/\\\/onlines.dk\\\/nf176\\\/besoeg-udstillingen\\\/#breadcrumb\"},\"inLanguage\":\"da-DK\",\"potentialAction\":[{\"@type\":\"ReadAction\",\"target\":[\"https:\\\/\\\/onlines.dk\\\/nf176\\\/besoeg-udstillingen\\\/\"]}]},{\"@type\":\"BreadcrumbList\",\"@id\":\"https:\\\/\\\/onlines.dk\\\/nf176\\\/besoeg-udstillingen\\\/#breadcrumb\",\"itemListElement\":[{\"@type\":\"ListItem\",\"position\":1,\"name\":\"Hjem\",\"item\":\"https:\\\/\\\/onlines.dk\\\/nf176\\\/\"},{\"@type\":\"ListItem\",\"position\":2,\"name\":\"BES\u00d8G UDSTILLINGEN\"}]},{\"@type\":\"WebSite\",\"@id\":\"https:\\\/\\\/onlines.dk\\\/nf176\\\/#website\",\"url\":\"https:\\\/\\\/onlines.dk\\\/nf176\\\/\",\"name\":\"Nordre Fasanvej 176\",\"description\":\"75 attraktive ungdomsboliger\",\"potentialAction\":[{\"@type\":\"SearchAction\",\"target\":{\"@type\":\"EntryPoint\",\"urlTemplate\":\"https:\\\/\\\/onlines.dk\\\/nf176\\\/?s={search_term_string}\"},\"query-input\":{\"@type\":\"PropertyValueSpecification\",\"valueRequired\":true,\"valueName\":\"search_term_string\"}}],\"inLanguage\":\"da-DK\"}]}<\/script>\n<!-- \/ Yoast SEO plugin. -->","yoast_head_json":{"title":"BES\u00d8G UDSTILLINGEN - Nordre Fasanvej 176","robots":{"index":"index","follow":"follow","max-snippet":"max-snippet:-1","max-image-preview":"max-image-preview:large","max-video-preview":"max-video-preview:-1"},"canonical":"https:\/\/onlines.dk\/nf176\/besoeg-udstillingen\/","og_locale":"da_DK","og_type":"article","og_title":"BES\u00d8G UDSTILLINGEN - Nordre Fasanvej 176","og_url":"https:\/\/onlines.dk\/nf176\/besoeg-udstillingen\/","og_site_name":"Nordre Fasanvej 176","article_modified_time":"2019-05-05T11:37:06+00:00","twitter_card":"summary_large_image","twitter_misc":{"Estimeret l\u00e6setid":"1 minut"},"schema":{"@context":"https:\/\/schema.org","@graph":[{"@type":"WebPage","@id":"https:\/\/onlines.dk\/nf176\/besoeg-udstillingen\/","url":"https:\/\/onlines.dk\/nf176\/besoeg-udstillingen\/","name":"BES\u00d8G UDSTILLINGEN - Nordre Fasanvej 176","isPartOf":{"@id":"https:\/\/onlines.dk\/nf176\/#website"},"datePublished":"2018-05-15T17:32:22+00:00","dateModified":"2019-05-05T11:37:06+00:00","breadcrumb":{"@id":"https:\/\/onlines.dk\/nf176\/besoeg-udstillingen\/#breadcrumb"},"inLanguage":"da-DK","potentialAction":[{"@type":"ReadAction","target":["https:\/\/onlines.dk\/nf176\/besoeg-udstillingen\/"]}]},{"@type":"BreadcrumbList","@id":"https:\/\/onlines.dk\/nf176\/besoeg-udstillingen\/#breadcrumb","itemListElement":[{"@type":"ListItem","position":1,"name":"Hjem","item":"https:\/\/onlines.dk\/nf176\/"},{"@type":"ListItem","position":2,"name":"BES\u00d8G UDSTILLINGEN"}]},{"@type":"WebSite","@id":"https:\/\/onlines.dk\/nf176\/#website","url":"https:\/\/onlines.dk\/nf176\/","name":"Nordre Fasanvej 176","description":"75 attraktive ungdomsboliger","potentialAction":[{"@type":"SearchAction","target":{"@type":"EntryPoint","urlTemplate":"https:\/\/onlines.dk\/nf176\/?s={search_term_string}"},"query-input":{"@type":"PropertyValueSpecification","valueRequired":true,"valueName":"search_term_string"}}],"inLanguage":"da-DK"}]}},"_links":{"self":[{"href":"https:\/\/onlines.dk\/nf176\/wp-json\/wp\/v2\/pages\/1463","targetHints":{"allow":["GET"]}}],"collection":[{"href":"https:\/\/onlines.dk\/nf176\/wp-json\/wp\/v2\/pages"}],"about":[{"href":"https:\/\/onlines.dk\/nf176\/wp-json\/wp\/v2\/types\/page"}],"author":[{"embeddable":true,"href":"https:\/\/onlines.dk\/nf176\/wp-json\/wp\/v2\/users\/4"}],"replies":[{"embeddable":true,"href":"https:\/\/onlines.dk\/nf176\/wp-json\/wp\/v2\/comments?post=1463"}],"version-history":[{"count":3,"href":"https:\/\/onlines.dk\/nf176\/wp-json\/wp\/v2\/pages\/1463\/revisions"}],"predecessor-version":[{"id":2866,"href":"https:\/\/onlines.dk\/nf176\/wp-json\/wp\/v2\/pages\/1463\/revisions\/2866"}],"wp:attachment":[{"href":"https:\/\/onlines.dk\/nf176\/wp-json\/wp\/v2\/media?parent=1463"}],"curies":[{"name":"wp","href":"https:\/\/api.w.org\/{rel}","templated":true}]}}