{"id":1383,"date":"2018-05-15T15:15:28","date_gmt":"2018-05-15T15:15:28","guid":{"rendered":"https:\/\/onlines.dk\/nf176\/?page_id=1383"},"modified":"2018-11-29T08:18:37","modified_gmt":"2018-11-29T07:18:37","slug":"materiale-valg","status":"publish","type":"page","link":"https:\/\/onlines.dk\/nf176\/boligoversigt\/materiale-valg\/","title":{"rendered":"MATERIALE VALG"},"content":{"rendered":"\n  <div class=\"banner has-hover\" id=\"banner-1760864830\">\n          <div class=\"banner-inner fill\">\n        <div class=\"banner-bg fill\" >\n            <img loading=\"lazy\" decoding=\"async\" width=\"1020\" height=\"727\" src=\"https:\/\/onlines.dk\/nf176\/wp-content\/uploads\/2018\/11\/interior_upd_final-1024x730.jpg\" class=\"bg attachment-large size-large\" alt=\"\" \/>                                    \n                    <\/div>\n\t\t\n        <div class=\"banner-layers container\">\n            <div class=\"fill banner-link\"><\/div>            \n   <div id=\"text-box-340828856\" class=\"text-box banner-layer x50 md-x50 lg-x50 y50 md-y50 lg-y50 res-text\">\n                                <div class=\"text-box-content text dark\">\n              \n              <div class=\"text-inner text-center\">\n                  \n              <\/div>\n           <\/div>\n                            \n<style>\n#text-box-340828856 {\n  width: 60%;\n}\n#text-box-340828856 .text-box-content {\n  font-size: 100%;\n}\n<\/style>\n    <\/div>\n \n        <\/div>\n      <\/div>\n\n            \n<style>\n#banner-1760864830 {\n  padding-top: 42%;\n}\n#banner-1760864830 .banner-bg img {\n  object-position: 47% 50%;\n}\n<\/style>\n  <\/div>\n\n\n<div class=\"row\"  id=\"row-236937724\">\n\n\t<div id=\"col-1408696203\" class=\"col medium-4 small-12 large-4\"  >\n\t\t\t\t<div class=\"col-inner\"  >\n\t\t\t\n\t\t\t\n<p><b>MATERIALER, KVALITET OG MILJ\u00d8M\u00c6RKE<\/b><\/p>\n<p><b>INDVENDIGE MATERIALER<\/b><\/p>\n<p><b>OPHOLDSRUM<\/b><\/p>\n<p>GULVE<br \/>Gulve udf\u00f8res i eg,\u00a0som 3 stavet lamelparket.<\/p>\n<p>V\u00c6GGE<br \/>Fuldspartlede og hvidmalede.<\/p>\n<p>LOFTER<br \/>Fuldspartlede og hvidmalede.<\/p>\n<p>D\u00d8RE.<br \/>Hvidmalede plane d\u00f8re, udf\u00f8res som sweedoor massiv. Leveres med L-greb.<\/p>\n<p>FODLISTER<br \/>Hvidmalede fodlister.<\/p>\n<p>VARMEANL\u00c6G<br \/>Varmeforsyning er via fjernvarme. Der er gulvvarme i badev\u00e6relse og opholdsrum.<\/p>\n<p>EL<br \/>Hver bolig forsynes med HPFI anl\u00e6g.<\/p>\n<p>ANTENNE\/IT<br \/>Fiberl\u00f8sning fra YouSee mod betaling.<\/p>\n<p>Der etableres \u00e9t antennestik og \u00e9t PDS stik i hver lejlighed.<\/p>\n<p><b>BADEV\u00c6RELSE<\/b><\/p>\n<p>GULVE<br \/>10 x 30 cm gr\u00e5 fliser, Projekt Grigio.<\/p>\n<p>V\u00c6GGE<br \/>10 x 30 cm hvide fliser, Projekt Grigio.<\/p>\n<p>LOFTER<br \/>Fuldspartlede og hvidmalede.Spots i loftet.<\/p>\n<p>INVENTAR<br \/>Toiletpapirholder<br \/>H\u00e5ndkl\u00e6dekroge<br \/>Bruseforh\u00e6ngsstang<\/p>\n<p>SANITET OG ARMATURER<br \/>B\u00f8rma armaturer.<\/p>\n<p><strong>K\u00d8KKEN\u00a0ELEMENTER<\/strong><br \/>Svane k\u00f8kken, design Deco hvid grebsl\u00f8s. Laminat bordplade med underlimet vask, mrk. Franke RBU.<\/p>\n<p><strong>H\u00c5RDE HVIDEVARER<\/strong><br \/>\u2022 Bosch indbygningsovn<br \/>\u2022 Witt keramisk komfur m\/2 plader<br \/>\u2022 Logik k\u00f8leskab med fryseboks<br \/>\u2022 Udtr\u00e6ksemh\u00e6tte<\/p>\n<p><strong>UDVENDIGE MATERIALER\u00a0FACADER<\/strong><br \/>Betonfacader med murstensskalmur i Mocca Nova farve med gr\u00e5 fuger.<\/p>\n<p>\u00a0<\/p>\n\t\t<\/div>\n\t\t\t\t\t<\/div>\n\n\t\n\n\t<div id=\"col-1166176732\" class=\"col medium-8 small-12 large-8\"  >\n\t\t\t\t<div class=\"col-inner\"  >\n\t\t\t\n\t\t\t\n  <div class=\"banner-grid-wrapper\">\n  <div id=\"banner-grid-288518216\" class=\"banner-grid row row-grid row-small\" data-packery-options=\"\">\n                      \n<div class=\"col grid-col large-12 grid-col-2-3\" ><div class=\"col-inner\">\n\t<div class=\"img has-hover x md-x lg-x y md-y lg-y\" id=\"image_1372426314\">\n\t\t\t\t\t\t\t\t<div class=\"img-inner image-cover dark\" style=\"padding-top:100%;\">\n\t\t\t<img loading=\"lazy\" decoding=\"async\" width=\"1020\" height=\"659\" src=\"https:\/\/onlines.dk\/nf176\/wp-content\/uploads\/2018\/11\/IMG_6127-1024x662.jpg\" class=\"attachment-large size-large\" alt=\"\" srcset=\"https:\/\/onlines.dk\/nf176\/wp-content\/uploads\/2018\/11\/IMG_6127-1024x662.jpg 1024w, https:\/\/onlines.dk\/nf176\/wp-content\/uploads\/2018\/11\/IMG_6127-300x194.jpg 300w, https:\/\/onlines.dk\/nf176\/wp-content\/uploads\/2018\/11\/IMG_6127-768x496.jpg 768w\" sizes=\"auto, (max-width: 1020px) 100vw, 1020px\" \/>\t\t\t\t\t\t\n\t\t\t\t\t<\/div>\n\t\t\t\t\t\t\t\t\n<style>\n#image_1372426314 {\n  width: 100%;\n}\n<\/style>\n\t<\/div>\n\t\n<\/div><\/div>\n<div class=\"col grid-col large-7 grid-col-1-3\" ><div class=\"col-inner\">\n<div class=\"uxb-no-content uxb-image\">Upload Image...<\/div>\n\n  <div class=\"banner has-hover\" id=\"banner-1675023872\">\n          <div class=\"banner-inner fill\">\n        <div class=\"banner-bg fill\" >\n                                                \n                    <\/div>\n\t\t\n        <div class=\"banner-layers container\">\n            <div class=\"fill banner-link\"><\/div>            \n   <div id=\"text-box-1610136541\" class=\"text-box banner-layer x50 md-x50 lg-x50 y50 md-y50 lg-y50 res-text\">\n                                <div class=\"text-box-content text dark\">\n              \n              <div class=\"text-inner text-center\">\n                  \n<h4 class=\"uppercase\"><b>Detaljer&#8230;<\/b><\/h4>\n              <\/div>\n           <\/div>\n                            \n<style>\n#text-box-1610136541 {\n  width: 60%;\n}\n#text-box-1610136541 .text-box-content {\n  font-size: 100%;\n}\n<\/style>\n    <\/div>\n \n        <\/div>\n      <\/div>\n\n            \n<style>\n#banner-1675023872 {\n  padding-top: 500px;\n}\n<\/style>\n  <\/div>\n\n\n<\/div><\/div>\n<div class=\"col grid-col large-7 grid-col-2-3\" ><div class=\"col-inner\">\n\t<div class=\"img has-hover x md-x lg-x y md-y lg-y\" id=\"image_1786507241\">\n\t\t\t\t\t\t\t\t<div class=\"img-inner dark\" >\n\t\t\t<img loading=\"lazy\" decoding=\"async\" width=\"1020\" height=\"680\" src=\"https:\/\/onlines.dk\/nf176\/wp-content\/uploads\/2018\/11\/82DACDC-1024x683.jpg\" class=\"attachment-large size-large\" alt=\"\" srcset=\"https:\/\/onlines.dk\/nf176\/wp-content\/uploads\/2018\/11\/82DACDC-1024x683.jpg 1024w, https:\/\/onlines.dk\/nf176\/wp-content\/uploads\/2018\/11\/82DACDC-300x200.jpg 300w, https:\/\/onlines.dk\/nf176\/wp-content\/uploads\/2018\/11\/82DACDC-768x512.jpg 768w\" sizes=\"auto, (max-width: 1020px) 100vw, 1020px\" \/>\t\t\t\t\t\t\n\t\t\t\t\t<\/div>\n\t\t\t\t\t\t\t\t\n<style>\n#image_1786507241 {\n  width: 100%;\n}\n<\/style>\n\t<\/div>\n\t\n<\/div><\/div>\n<div class=\"col grid-col large-12 grid-col-3-4\" ><div class=\"col-inner\">\n\t<div class=\"img has-hover x md-x lg-x y md-y lg-y\" id=\"image_1586313349\">\n\t\t\t\t\t\t\t\t<div class=\"img-inner image-cover dark\" style=\"padding-top:100%;\">\n\t\t\t<img loading=\"lazy\" decoding=\"async\" width=\"1020\" height=\"680\" src=\"https:\/\/onlines.dk\/nf176\/wp-content\/uploads\/2018\/11\/DSC05153-1024x683.jpg\" class=\"attachment-large size-large\" alt=\"\" srcset=\"https:\/\/onlines.dk\/nf176\/wp-content\/uploads\/2018\/11\/DSC05153-1024x683.jpg 1024w, https:\/\/onlines.dk\/nf176\/wp-content\/uploads\/2018\/11\/DSC05153-300x200.jpg 300w, https:\/\/onlines.dk\/nf176\/wp-content\/uploads\/2018\/11\/DSC05153-768x512.jpg 768w\" sizes=\"auto, (max-width: 1020px) 100vw, 1020px\" \/>\t\t\t\t\t\t\n\t\t\t\t\t<\/div>\n\t\t\t\t\t\t\t\t\n<style>\n#image_1586313349 {\n  width: 100%;\n}\n<\/style>\n\t<\/div>\n\t\n<\/div><\/div>\n<div class=\"col grid-col large-5 grid-col-1-3\" ><div class=\"col-inner\">\n\t<div class=\"img has-hover x md-x lg-x y md-y lg-y\" id=\"image_1784309051\">\n\t\t\t\t\t\t\t\t<div class=\"img-inner image-cover dark\" style=\"padding-top:100%;\">\n\t\t\t<img loading=\"lazy\" decoding=\"async\" width=\"1020\" height=\"765\" src=\"https:\/\/onlines.dk\/nf176\/wp-content\/uploads\/2018\/05\/drain-1024x768.jpg\" class=\"attachment-large size-large\" alt=\"\" srcset=\"https:\/\/onlines.dk\/nf176\/wp-content\/uploads\/2018\/05\/drain-1024x768.jpg 1024w, https:\/\/onlines.dk\/nf176\/wp-content\/uploads\/2018\/05\/drain-300x225.jpg 300w, https:\/\/onlines.dk\/nf176\/wp-content\/uploads\/2018\/05\/drain-768x576.jpg 768w, https:\/\/onlines.dk\/nf176\/wp-content\/uploads\/2018\/05\/drain.jpg 1200w\" sizes=\"auto, (max-width: 1020px) 100vw, 1020px\" \/>\t\t\t\t\t\t\n\t\t\t\t\t<\/div>\n\t\t\t\t\t\t\t\t\n<style>\n#image_1784309051 {\n  width: 100%;\n}\n<\/style>\n\t<\/div>\n\t\n<\/div><\/div>\n<div class=\"col grid-col large-5 grid-col-1-3\" ><div class=\"col-inner\">\n\t<div class=\"img has-hover x md-x lg-x y md-y lg-y\" id=\"image_849806058\">\n\t\t\t\t\t\t\t\t<div class=\"img-inner image-cover dark\" style=\"padding-top:100%;\">\n\t\t\t<img loading=\"lazy\" decoding=\"async\" width=\"1020\" height=\"741\" src=\"https:\/\/onlines.dk\/nf176\/wp-content\/uploads\/2018\/05\/batteri-1024x744.jpg\" class=\"attachment-large size-large\" alt=\"\" srcset=\"https:\/\/onlines.dk\/nf176\/wp-content\/uploads\/2018\/05\/batteri-1024x744.jpg 1024w, https:\/\/onlines.dk\/nf176\/wp-content\/uploads\/2018\/05\/batteri-300x218.jpg 300w, https:\/\/onlines.dk\/nf176\/wp-content\/uploads\/2018\/05\/batteri-768x558.jpg 768w, https:\/\/onlines.dk\/nf176\/wp-content\/uploads\/2018\/05\/batteri.jpg 2016w\" sizes=\"auto, (max-width: 1020px) 100vw, 1020px\" \/>\t\t\t\t\t\t\n\t\t\t\t\t<\/div>\n\t\t\t\t\t\t\t\t\n<style>\n#image_849806058 {\n  width: 100%;\n}\n<\/style>\n\t<\/div>\n\t\n<\/div><\/div>\n<div class=\"col grid-col large-5 grid-col-1-3\" ><div class=\"col-inner\">\n\t<div class=\"img has-hover x md-x lg-x y md-y lg-y\" id=\"image_602713136\">\n\t\t\t\t\t\t\t\t<div class=\"img-inner image-cover dark\" style=\"padding-top:100%;\">\n\t\t\t<img loading=\"lazy\" decoding=\"async\" width=\"845\" height=\"1024\" src=\"https:\/\/onlines.dk\/nf176\/wp-content\/uploads\/2018\/05\/batteri-2-845x1024.jpg\" class=\"attachment-large size-large\" alt=\"\" srcset=\"https:\/\/onlines.dk\/nf176\/wp-content\/uploads\/2018\/05\/batteri-2-845x1024.jpg 845w, https:\/\/onlines.dk\/nf176\/wp-content\/uploads\/2018\/05\/batteri-2-247x300.jpg 247w, https:\/\/onlines.dk\/nf176\/wp-content\/uploads\/2018\/05\/batteri-2-768x931.jpg 768w, https:\/\/onlines.dk\/nf176\/wp-content\/uploads\/2018\/05\/batteri-2.jpg 1200w\" sizes=\"auto, (max-width: 845px) 100vw, 845px\" \/>\t\t\t\t\t\t\n\t\t\t\t\t<\/div>\n\t\t\t\t\t\t\t\t\n<style>\n#image_602713136 {\n  width: 100%;\n}\n<\/style>\n\t<\/div>\n\t\n<\/div><\/div>\n            <\/div>\n    <style>\n    #banner-grid-288518216 .grid-col-1{height: 623px}\n    #banner-grid-288518216 .grid-col-1-2{height: 311.5px}\n    #banner-grid-288518216 .grid-col-1-3{height:207.66666666667px}\n    #banner-grid-288518216 .grid-col-2-3{height: 415.33333333333px}\n    #banner-grid-288518216 .grid-col-1-4{height: 155.75px}\n    #banner-grid-288518216 .grid-col-3-4{height: 467.25px}\n\n\n    \n    \n\n  <\/style>\n    <\/div>\n  \n\t<div id=\"gap-645457683\" class=\"gap-element clearfix\" style=\"display:block; height:auto;\">\n\t\t\n<style>\n#gap-645457683 {\n  padding-top: 36px;\n}\n<\/style>\n\t<\/div>\n\t\n<div class=\"row\"  id=\"row-933109036\">\n\n\t<div id=\"col-127929557\" class=\"col medium-6 small-12 large-6\"  >\n\t\t\t\t<div class=\"col-inner\"  >\n\t\t\t\n\t\t\t\n<p><strong>VINDUER OG UDVENDIGE D\u00d8RE<\/strong><br \/>Vinduer udf\u00f8res som vendbare Tr\u00e6-alu vinduer med 3-lags energiglas og ekstra st\u00f8jreducerende glas mod Bispeengbuen.<br \/>Udvendige d\u00f8re udf\u00f8res i tr\u00e6-alu. Rammer og karme udf\u00f8res i farvet aluminium. Indvendige rammer og karme udf\u00f8res i hvidmalet tr\u00e6.<\/p>\n<p>\u00a0<\/p>\n\t\t<\/div>\n\t\t\t\t\t<\/div>\n\n\t\n\n\t<div id=\"col-1853200554\" class=\"col medium-6 small-12 large-6\"  >\n\t\t\t\t<div class=\"col-inner\"  >\n\t\t\t\n\t\t\t\n<p><strong>TAG<\/strong><br \/>Udf\u00f8res som teglskaller med tagpap under. Teglskallerne ligner murstenene p\u00e5 facaden. Sk\u00e6rmv\u00e6ggen er bekl\u00e6dt med plade p\u00e5 undersiden.<\/p>\n\t\t<\/div>\n\t\t\t\t\t<\/div>\n\n\t\n<\/div>\n\t\t<\/div>\n\t\t\t\t\t<\/div>\n\n\t\n<\/div>\n","protected":false},"excerpt":{"rendered":"","protected":false},"author":4,"featured_media":0,"parent":738,"menu_order":0,"comment_status":"closed","ping_status":"closed","template":"","meta":{"footnotes":""},"class_list":["post-1383","page","type-page","status-publish","hentry"],"yoast_head":"<!-- This site is optimized with the Yoast SEO plugin v27.4 - https:\/\/yoast.com\/product\/yoast-seo-wordpress\/ -->\n<title>MATERIALE VALG - Nordre Fasanvej 176<\/title>\n<meta name=\"robots\" content=\"index, follow, max-snippet:-1, max-image-preview:large, max-video-preview:-1\" \/>\n<link rel=\"canonical\" href=\"https:\/\/onlines.dk\/nf176\/boligoversigt\/materiale-valg\/\" \/>\n<meta property=\"og:locale\" content=\"da_DK\" \/>\n<meta property=\"og:type\" content=\"article\" \/>\n<meta property=\"og:title\" content=\"MATERIALE VALG - Nordre Fasanvej 176\" \/>\n<meta property=\"og:url\" content=\"https:\/\/onlines.dk\/nf176\/boligoversigt\/materiale-valg\/\" \/>\n<meta property=\"og:site_name\" content=\"Nordre Fasanvej 176\" \/>\n<meta property=\"article:modified_time\" content=\"2018-11-29T07:18:37+00:00\" \/>\n<meta name=\"twitter:card\" content=\"summary_large_image\" \/>\n<meta name=\"twitter:label1\" content=\"Estimeret l\u00e6setid\" \/>\n\t<meta name=\"twitter:data1\" content=\"2 minutter\" \/>\n<script type=\"application\/ld+json\" class=\"yoast-schema-graph\">{\"@context\":\"https:\\\/\\\/schema.org\",\"@graph\":[{\"@type\":\"WebPage\",\"@id\":\"https:\\\/\\\/onlines.dk\\\/nf176\\\/boligoversigt\\\/materiale-valg\\\/\",\"url\":\"https:\\\/\\\/onlines.dk\\\/nf176\\\/boligoversigt\\\/materiale-valg\\\/\",\"name\":\"MATERIALE VALG - Nordre Fasanvej 176\",\"isPartOf\":{\"@id\":\"https:\\\/\\\/onlines.dk\\\/nf176\\\/#website\"},\"datePublished\":\"2018-05-15T15:15:28+00:00\",\"dateModified\":\"2018-11-29T07:18:37+00:00\",\"breadcrumb\":{\"@id\":\"https:\\\/\\\/onlines.dk\\\/nf176\\\/boligoversigt\\\/materiale-valg\\\/#breadcrumb\"},\"inLanguage\":\"da-DK\",\"potentialAction\":[{\"@type\":\"ReadAction\",\"target\":[\"https:\\\/\\\/onlines.dk\\\/nf176\\\/boligoversigt\\\/materiale-valg\\\/\"]}]},{\"@type\":\"BreadcrumbList\",\"@id\":\"https:\\\/\\\/onlines.dk\\\/nf176\\\/boligoversigt\\\/materiale-valg\\\/#breadcrumb\",\"itemListElement\":[{\"@type\":\"ListItem\",\"position\":1,\"name\":\"Hjem\",\"item\":\"https:\\\/\\\/onlines.dk\\\/nf176\\\/\"},{\"@type\":\"ListItem\",\"position\":2,\"name\":\"BOLIGOVERSIGT\",\"item\":\"https:\\\/\\\/onlines.dk\\\/nf176\\\/boligoversigt\\\/\"},{\"@type\":\"ListItem\",\"position\":3,\"name\":\"MATERIALE VALG\"}]},{\"@type\":\"WebSite\",\"@id\":\"https:\\\/\\\/onlines.dk\\\/nf176\\\/#website\",\"url\":\"https:\\\/\\\/onlines.dk\\\/nf176\\\/\",\"name\":\"Nordre Fasanvej 176\",\"description\":\"75 attraktive ungdomsboliger\",\"potentialAction\":[{\"@type\":\"SearchAction\",\"target\":{\"@type\":\"EntryPoint\",\"urlTemplate\":\"https:\\\/\\\/onlines.dk\\\/nf176\\\/?s={search_term_string}\"},\"query-input\":{\"@type\":\"PropertyValueSpecification\",\"valueRequired\":true,\"valueName\":\"search_term_string\"}}],\"inLanguage\":\"da-DK\"}]}<\/script>\n<!-- \/ Yoast SEO plugin. -->","yoast_head_json":{"title":"MATERIALE VALG - Nordre Fasanvej 176","robots":{"index":"index","follow":"follow","max-snippet":"max-snippet:-1","max-image-preview":"max-image-preview:large","max-video-preview":"max-video-preview:-1"},"canonical":"https:\/\/onlines.dk\/nf176\/boligoversigt\/materiale-valg\/","og_locale":"da_DK","og_type":"article","og_title":"MATERIALE VALG - Nordre Fasanvej 176","og_url":"https:\/\/onlines.dk\/nf176\/boligoversigt\/materiale-valg\/","og_site_name":"Nordre Fasanvej 176","article_modified_time":"2018-11-29T07:18:37+00:00","twitter_card":"summary_large_image","twitter_misc":{"Estimeret l\u00e6setid":"2 minutter"},"schema":{"@context":"https:\/\/schema.org","@graph":[{"@type":"WebPage","@id":"https:\/\/onlines.dk\/nf176\/boligoversigt\/materiale-valg\/","url":"https:\/\/onlines.dk\/nf176\/boligoversigt\/materiale-valg\/","name":"MATERIALE VALG - Nordre Fasanvej 176","isPartOf":{"@id":"https:\/\/onlines.dk\/nf176\/#website"},"datePublished":"2018-05-15T15:15:28+00:00","dateModified":"2018-11-29T07:18:37+00:00","breadcrumb":{"@id":"https:\/\/onlines.dk\/nf176\/boligoversigt\/materiale-valg\/#breadcrumb"},"inLanguage":"da-DK","potentialAction":[{"@type":"ReadAction","target":["https:\/\/onlines.dk\/nf176\/boligoversigt\/materiale-valg\/"]}]},{"@type":"BreadcrumbList","@id":"https:\/\/onlines.dk\/nf176\/boligoversigt\/materiale-valg\/#breadcrumb","itemListElement":[{"@type":"ListItem","position":1,"name":"Hjem","item":"https:\/\/onlines.dk\/nf176\/"},{"@type":"ListItem","position":2,"name":"BOLIGOVERSIGT","item":"https:\/\/onlines.dk\/nf176\/boligoversigt\/"},{"@type":"ListItem","position":3,"name":"MATERIALE VALG"}]},{"@type":"WebSite","@id":"https:\/\/onlines.dk\/nf176\/#website","url":"https:\/\/onlines.dk\/nf176\/","name":"Nordre Fasanvej 176","description":"75 attraktive ungdomsboliger","potentialAction":[{"@type":"SearchAction","target":{"@type":"EntryPoint","urlTemplate":"https:\/\/onlines.dk\/nf176\/?s={search_term_string}"},"query-input":{"@type":"PropertyValueSpecification","valueRequired":true,"valueName":"search_term_string"}}],"inLanguage":"da-DK"}]}},"_links":{"self":[{"href":"https:\/\/onlines.dk\/nf176\/wp-json\/wp\/v2\/pages\/1383","targetHints":{"allow":["GET"]}}],"collection":[{"href":"https:\/\/onlines.dk\/nf176\/wp-json\/wp\/v2\/pages"}],"about":[{"href":"https:\/\/onlines.dk\/nf176\/wp-json\/wp\/v2\/types\/page"}],"author":[{"embeddable":true,"href":"https:\/\/onlines.dk\/nf176\/wp-json\/wp\/v2\/users\/4"}],"replies":[{"embeddable":true,"href":"https:\/\/onlines.dk\/nf176\/wp-json\/wp\/v2\/comments?post=1383"}],"version-history":[{"count":3,"href":"https:\/\/onlines.dk\/nf176\/wp-json\/wp\/v2\/pages\/1383\/revisions"}],"predecessor-version":[{"id":2784,"href":"https:\/\/onlines.dk\/nf176\/wp-json\/wp\/v2\/pages\/1383\/revisions\/2784"}],"up":[{"embeddable":true,"href":"https:\/\/onlines.dk\/nf176\/wp-json\/wp\/v2\/pages\/738"}],"wp:attachment":[{"href":"https:\/\/onlines.dk\/nf176\/wp-json\/wp\/v2\/media?parent=1383"}],"curies":[{"name":"wp","href":"https:\/\/api.w.org\/{rel}","templated":true}]}}