{"id":365,"date":"2017-06-15T08:21:42","date_gmt":"2017-06-15T08:21:42","guid":{"rendered":"https:\/\/onlines.dk\/Karloff\/?page_id=365"},"modified":"2017-10-20T12:59:42","modified_gmt":"2017-10-20T12:59:42","slug":"ssl-sikkerhed","status":"publish","type":"page","link":"https:\/\/onlines.dk\/Karloff\/ssl-sikkerhed\/","title":{"rendered":"SSL sikkerhed"},"content":{"rendered":"<div class=\"wpb-content-wrapper\"><p>[vc_row row_type=&#8221;row&#8221; use_row_as_full_screen_section=&#8221;no&#8221; type=&#8221;full_width&#8221; anchor=&#8221;begin&#8221; text_align=&#8221;left&#8221; css_animation=&#8221;&#8221;][vc_column][vc_column_text]<\/p>\n<h5>SSL \u2013 hvad er det, og hvorfor er SSL vigtig for dit website<\/h5>\n<p>[\/vc_column_text][\/vc_column][\/vc_row][vc_row row_type=&#8221;row&#8221; use_row_as_full_screen_section=&#8221;no&#8221; type=&#8221;full_width&#8221; text_align=&#8221;left&#8221; css_animation=&#8221;&#8221;][vc_column][vc_empty_space][\/vc_column][\/vc_row][vc_row row_type=&#8221;row&#8221; use_row_as_full_screen_section=&#8221;no&#8221; type=&#8221;full_width&#8221; text_align=&#8221;left&#8221; css_animation=&#8221;&#8221;][vc_column width=&#8221;1\/3&#8243;][vc_column_text]Et SSL certifikat krypterer al dataudveksling mellem et website og brugeren og minimerer risikoen for, at dataudvekslingen bliver misbrugt af hackere.<\/p>\n<p>N\u00e5r en bruger bes\u00f8ger et website, foreg\u00e5r der en dataudveksling mellem sitet og brugeren. Dette handler om, hvad brugeren klikker p\u00e5, hvor lang tid brugeren er p\u00e5 sitet og selvf\u00f8lgelig af den synlige kommunikation i form af f.eks. en kontaktformular,\u00a0som brugeren udfylder og sender.[\/vc_column_text][\/vc_column][vc_column width=&#8221;1\/3&#8243;][vc_column_text]Disse data sendes normalt helt ufiltreret mellem bruger og website. Desv\u00e6rre er det et st\u00f8rre og st\u00f8rre problem, at websites og\/ eller brugeres computere bliver hacket. N\u00e5r dette sker, kan en hacker bruge de informationer, der afgives i en dataudveksling mellem bruger og website.<\/p>\n<p>N\u00e5r en ejer af et website installerer et s\u00e5kaldt SSL certifikat p\u00e5 sitet, vil al dataudveksling v\u00e6re\u00a0krypteret. Dvs. dataudvekslingen sl\u00f8res, s\u00e5 en hacker har[\/vc_column_text][\/vc_column][vc_column width=&#8221;1\/3&#8243;][vc_column_text]v\u00e6sentligt sv\u00e6rere ved at finde brugbar data.<\/p>\n<p>Google bel\u00f8nner websites med et SSL certifikat.<\/p>\n<p>S\u00f8gemaskiner som Google prioriterer brugeres sikkerhed, s\u00e5 man i dag bel\u00f8nnes af \u00a0Google med en bedre ranking, hvis ens website er sikret med SSL. Ethvert website kan sikres, og dette koster som regel et \u00e5rligt gebyr og et mindre opstartsgebyr.[\/vc_column_text][\/vc_column][\/vc_row][vc_row row_type=&#8221;row&#8221; use_row_as_full_screen_section=&#8221;no&#8221; type=&#8221;full_width&#8221; text_align=&#8221;left&#8221; css_animation=&#8221;&#8221;][vc_column][vc_empty_space][\/vc_column][\/vc_row][vc_row row_type=&#8221;row&#8221; use_row_as_full_screen_section=&#8221;no&#8221; type=&#8221;full_width&#8221; text_align=&#8221;left&#8221; css_animation=&#8221;&#8221;][vc_column][vc_single_image image=&#8221;324&#8243; img_size=&#8221;full&#8221; qode_css_animation=&#8221;&#8221;][\/vc_column][\/vc_row][vc_row row_type=&#8221;row&#8221; use_row_as_full_screen_section=&#8221;no&#8221; type=&#8221;full_width&#8221; text_align=&#8221;left&#8221; css_animation=&#8221;&#8221;][vc_column][vc_empty_space][vc_empty_space][\/vc_column][\/vc_row]<\/p>\n<\/div>","protected":false},"excerpt":{"rendered":"<p>[vc_row row_type=&#8221;row&#8221; use_row_as_full_screen_section=&#8221;no&#8221; type=&#8221;full_width&#8221; anchor=&#8221;begin&#8221; text_align=&#8221;left&#8221; css_animation=&#8221;&#8221;][vc_column][vc_column_text] SSL \u2013 hvad er det, og hvorfor er SSL vigtig for dit website [\/vc_column_text][\/vc_column][\/vc_row][vc_row row_type=&#8221;row&#8221; use_row_as_full_screen_section=&#8221;no&#8221; type=&#8221;full_width&#8221; text_align=&#8221;left&#8221; css_animation=&#8221;&#8221;][vc_column][vc_empty_space][\/vc_column][\/vc_row][vc_row row_type=&#8221;row&#8221; use_row_as_full_screen_section=&#8221;no&#8221; type=&#8221;full_width&#8221; text_align=&#8221;left&#8221; css_animation=&#8221;&#8221;][vc_column width=&#8221;1\/3&#8243;][vc_column_text]Et SSL certifikat krypterer al dataudveksling mellem et website og brugeren og minimerer risikoen&#8230;<\/p>\n","protected":false},"author":1,"featured_media":0,"parent":0,"menu_order":0,"comment_status":"closed","ping_status":"closed","template":"","meta":{"footnotes":""},"class_list":["post-365","page","type-page","status-publish","hentry"],"_links":{"self":[{"href":"https:\/\/onlines.dk\/Karloff\/wp-json\/wp\/v2\/pages\/365","targetHints":{"allow":["GET"]}}],"collection":[{"href":"https:\/\/onlines.dk\/Karloff\/wp-json\/wp\/v2\/pages"}],"about":[{"href":"https:\/\/onlines.dk\/Karloff\/wp-json\/wp\/v2\/types\/page"}],"author":[{"embeddable":true,"href":"https:\/\/onlines.dk\/Karloff\/wp-json\/wp\/v2\/users\/1"}],"replies":[{"embeddable":true,"href":"https:\/\/onlines.dk\/Karloff\/wp-json\/wp\/v2\/comments?post=365"}],"version-history":[{"count":3,"href":"https:\/\/onlines.dk\/Karloff\/wp-json\/wp\/v2\/pages\/365\/revisions"}],"predecessor-version":[{"id":381,"href":"https:\/\/onlines.dk\/Karloff\/wp-json\/wp\/v2\/pages\/365\/revisions\/381"}],"wp:attachment":[{"href":"https:\/\/onlines.dk\/Karloff\/wp-json\/wp\/v2\/media?parent=365"}],"curies":[{"name":"wp","href":"https:\/\/api.w.org\/{rel}","templated":true}]}}